{"id":70,"date":"2018-11-05T12:58:44","date_gmt":"2018-11-05T12:58:44","guid":{"rendered":"http:\/\/kupferplattl.bayern\/?page_id=70"},"modified":"2019-03-28T09:56:23","modified_gmt":"2019-03-28T09:56:23","slug":"was-ist-kupferplattln-eigentlich-genau","status":"publish","type":"page","link":"http:\/\/kupferplattl.bayern\/?page_id=70","title":{"rendered":"Was ist Kupferplattln eigentlich genau?"},"content":{"rendered":"<h1 style=\"text-align: left\">&nbsp;<em>Was ist Kupferplattln eigentlich genau:<\/em><\/h1>\n<p>&nbsp;<\/p>\n<p>Die Bayern sind ein sportliches Volk! &#8211; Auch wenn manch ein Nicht-Bayer die Vorstellung haben mag, die sportliche Aktivit\u00e4t der Bayern beschr\u00e4nke sich auf das Heben und Senken eines Bierkrugs, so beweisen eine ganze Reihe von explizit bayerischen Sportarten das ganze Gegenteil. Zwar z\u00e4hlt das &#8222;Ma\u00dfkrugstemmen&#8220; in der Tat auch zu diesen Sportarten, aber auch das &#8222;Stoahebn&#8220;, &#8222;Fingerhackln&#8220;, &#8222;Maibaumklettern&#8220; oder das &#8222;Goa\u00dflschnalzen&#8220; sind Disziplinen, die Geschick und viel Muskelkraft erfordern.. Wir stellen eine bayrische Sportart vor die weniger bekannt ist und vor allem in Mittelstetten, Landkreis F\u00fcrstenfeldbruck gepflegt wird: das &#8222;Kupferplattln&#8220;.<\/p>\n<p>&#8222;Was is&#8217;n des?&#8220; wird sich jetzt so mancher Bayer fragen. &#8222;Ein uralter bayerischer Sport&#8220;, w\u00e4re die Antwort von Pepp Kurz vom Kupferplattler-Verein Mittelstetten. \u00c4hnlich wie beim Hufeisenwerfen, wird hier ein kupfernes Wurfger\u00e4t gen einem Ziel geworfen und die Mannschaft mit dem besten Zielwasser bekommt Punkte. Zu vergleichen ist das Spiel auch mit Boccia. Bei dem Wurfger\u00e4t handelt es sich um das so genannte &#8222;Kupferplattl&#8220; oder einfach &#8222;Plattl&#8220; genannt, einer 8-10 cm gro\u00dfen, sechseckigen, 1 -2 cm dicken 800bis 1000 Gramm schweren Kupferplatte. Durch die markante Form liegt dasWurfger\u00e4t &nbsp;bequem in der Hand und kann gut geworfen werden. Geworfen wird auf eine Daube. Dabei handelt es sich um einen 10 x 10 cm gro\u00dfen Holzklotz. Die Daube ist bei Turnieren frei beweglich und liegt in 16 Metern Entfernung. Von der Grundlinie aus werfen die Mannschaften, bestehend aus beliebig vielen Spielern, ihre Plattl in Richtung Daube. Die Punktevergabe erfolgt folgenderma\u00dfen: Das Plattl, das die geringste Entfernung zur Daube hat, z\u00e4hlt drei Punkte. Jedes weitere Plattl erh\u00e4lt auch &nbsp;3 Punkte, sofern kein gegnerisches Plattl n\u00e4her an der Daube liegt. So kann sich die Punktezahl summieren. Wird das Holz direkt getroffen sind das zus\u00e4tzlich 6 Punkte. Die Mannschaft die als erster 15 Punkte erreicht, steht als Sieger fest.<br \/>\nWenn die Daube vom 16 Meterpunk geschossen wird bleibt sie am neuen Standort liegen.<br \/>\nSeinen Ursprung hat das Plattln in Niederbayern bzw. im Bayrischen Wald, wo die Sportart mit flachen Steinen betrieben wurde.<br \/>\nDie Kupferplattler Mittelstetten wurden 1994 gegr\u00fcndet. Jedes Jahr wird ein Turnier veranstaltet. Leider gibt es in unserer Gegend keine vergleichbaren Vereine.<\/p>\n","protected":false},"excerpt":{"rendered":"<p>&nbsp;Was ist Kupferplattln eigentlich genau: &nbsp; Die Bayern sind ein sportliches Volk! &#8211; Auch wenn manch ein Nicht-Bayer die Vorstellung haben mag, die sportliche Aktivit\u00e4t der Bayern beschr\u00e4nke sich auf das Heben und Senken eines Bierkrugs, so beweisen eine ganze Reihe von explizit bayerischen Sportarten das ganze Gegenteil. Zwar z\u00e4hlt das &#8222;Ma\u00dfkrugstemmen&#8220; in der Tat &hellip; <\/p>\n<p class=\"link-more\"><a href=\"http:\/\/kupferplattl.bayern\/?page_id=70\" class=\"more-link\"><span class=\"screen-reader-text\">\u201eWas ist Kupferplattln eigentlich genau?\u201c<\/span> weiterlesen<\/a><\/p>\n","protected":false},"author":1,"featured_media":0,"parent":0,"menu_order":0,"comment_status":"closed","ping_status":"closed","template":"","meta":{"footnotes":""},"_links":{"self":[{"href":"http:\/\/kupferplattl.bayern\/index.php?rest_route=\/wp\/v2\/pages\/70"}],"collection":[{"href":"http:\/\/kupferplattl.bayern\/index.php?rest_route=\/wp\/v2\/pages"}],"about":[{"href":"http:\/\/kupferplattl.bayern\/index.php?rest_route=\/wp\/v2\/types\/page"}],"author":[{"embeddable":true,"href":"http:\/\/kupferplattl.bayern\/index.php?rest_route=\/wp\/v2\/users\/1"}],"replies":[{"embeddable":true,"href":"http:\/\/kupferplattl.bayern\/index.php?rest_route=%2Fwp%2Fv2%2Fcomments&post=70"}],"version-history":[{"count":2,"href":"http:\/\/kupferplattl.bayern\/index.php?rest_route=\/wp\/v2\/pages\/70\/revisions"}],"predecessor-version":[{"id":172,"href":"http:\/\/kupferplattl.bayern\/index.php?rest_route=\/wp\/v2\/pages\/70\/revisions\/172"}],"wp:attachment":[{"href":"http:\/\/kupferplattl.bayern\/index.php?rest_route=%2Fwp%2Fv2%2Fmedia&parent=70"}],"curies":[{"name":"wp","href":"https:\/\/api.w.org\/{rel}","templated":true}]}}