{"id":25,"date":"2018-07-19T11:27:43","date_gmt":"2018-07-19T11:27:43","guid":{"rendered":"http:\/\/kupferplattl.bayern\/?page_id=25"},"modified":"2018-07-19T12:13:47","modified_gmt":"2018-07-19T12:13:47","slug":"die-spielregeln","status":"publish","type":"page","link":"http:\/\/kupferplattl.bayern\/?page_id=25","title":{"rendered":"Die Spielregeln"},"content":{"rendered":"<p>Die Spielregeln<\/p>\n<p>Mannschaften:<br \/>\nEine Mannschaft besteht aus mindestens 2 Personen, die H\u00f6chstanzahl sollte m\u00f6glichst nicht \u00fcber 5 Personen liegen, weil sonst ein Spiel zu lange dauern kann.<br \/>\nEs spielen 2 Mannschaften gegeneinander.<\/p>\n<p><strong><u>Spielger\u00e4te:<\/u><\/strong><\/p>\n<p><u>Plattl :<\/u> \u00a0 \u00a0\u00a0\u00a0\u00a0eine Metallplatte, Gewicht zw 500 und 1200 g<br \/>\n( bei uns im Verein sind sie aus Kupfer und sechseckig und ca 8 cm im Durchmesser)<br \/>\n<u>Daube:<\/u> \u00a0\u00a0\u00a0\u00a0 Holzklotz 10&#215;10 cm, m\u00f6glichst Hartholz<br \/>\n(sollte die Form nicht mehr zu erkennen sein, muss Sie ersetzt\u00a0 werden)<br \/>\n<u>Hilfsmittel:<\/u>\u00a0\u00a0\u00a0\u00a0\u00a0\u00a0\u00a0 \u00a0\u00a0\u00a0 Meterstab, Massband , Putztuch (Vorsicht: oft pr\u00e4pariert)<\/p>\n<p><u>Spielplatz:<\/u>\u00a0 \u00a0\u00a0\u00a0\u00a0\u00a0\u00a0\u00a0 \u00a0Wiese mindestens\u00a0 25m lang und 6m breit, h\u00f6chsten 1\u00b0 Gef\u00e4lle.<\/p>\n<p><u>Sicherheitsregel<\/u>: Nie werfen wenn ein Mitspieler den R\u00fccken zuwendet.<br \/>\nNiemals die Bahn durchqueren.<br \/>\nPlatz m\u00f6glichst abgrenzen.<\/p>\n<p>Bevor ein Wettkampf beginnt m\u00fcssen folgende Fragen gekl\u00e4rt werden<br \/>\n.<br \/>\n<strong><u>Wieviel Spiele werden ausgetragen?<\/u><\/strong><br \/>\n(Ein Satz besteht meistens aus 3 oder 5 Spielen, weils da kein Remis gibt).<br \/>\n<strong><u>Was wird ausgespielt?. <\/u><\/strong><br \/>\n(bei Getr\u00e4nken mu\u00df der Verlierer dem Sieger das Getr\u00e4nk bringen).<br \/>\nGespielt wird auf 2 Dauben die im Abstand von 16,04 m auseinanderliegen.<br \/>\nSollten die Mannschaften nicht feststehen werden sie folgenderma\u00dfen bestimmt:<\/p>\n<p>Die Teilnehmer bilden einen Kreis von ca 5 m im Durchmesser, in deren Mitte liegt eine \u00b4Daube.Nach dem Kommando \u2026eins, zwei, drei\u2026vom Spieler\u00e4ltesten, wirft jeder sein `Plattl\u00b4 zur Daube<br \/>\nDie H\u00e4lfte der Wurfger\u00e4te, die der Daube am n\u00e4hesten sind bilden\u00a0 eine Mannschaft .<br \/>\nMannschaft zwei besteht aus den restlichen Spielern.<\/p>\n<p>Jedes Team bestimmt einen Spielf\u00fchrer.<br \/>\nEs beginnt die Mannschaft deren Platt\u00b4l am weitesten von der Daube weg waren.<br \/>\n(Meistens ist das der Spielf\u00fchrer weil er dann den Spielverlauf besser verfolgen kann).<br \/>\nBeim Abwurf steht der &#8222;Platt\u00b4ler&#8220; hinter der Daube, er versucht sein Wurfger\u00e4t m\u00f6glichst nahe zur Anderen zu werfen.( Frauen d\u00fcrfen 2 m vor dem Holz abwerfen). Dann folgt ein Spieler der Gegenmannschaft.<br \/>\nJetzt wird bestimmt, wessen Platt\u00b4l &#8222;Recht&#8220; hat, also der Daube am n\u00e4chsten liegt.<br \/>\nJetzt m\u00fcssen Spieler der Gegenmannschaft so lange werfen bis einer dieser Mannschaft &#8222;Recht&#8220; bekommt.<br \/>\nIst das der Fall, kommt wieder das andere Team zum Zug. Wenn alle Werfer ihr Pulfer verschossen haben, kommt es zur Punkteverteilung. Je &#8222;N\u00e4he&#8220; wird mit 3 Punkten bewertet, sollten mehrere Platt\u00b4l einer Mannschaft der Daube am n\u00e4hesten liegen so erh\u00f6ht sich die Punktezahl dementsprechend (3 N\u00e4hen sind 9 Punkte).<\/p>\n<p>Trifft ein Spieler die Daube direkt aus der Luft, wird das zus\u00e4tzlich mit 6 Punkten belohnt.<br \/>\nSollte eine Daube w\u00e4hrend des Spiel seinen Standort ver\u00e4ndern wird sie nicht zum Ausgangspunkt zur\u00fcckgelegt. (Erst bei Spielende).<\/p>\n<p>Wer 15 Punkte erreicht hat ist Sieger des Spiels, es m\u00fcssen aber alle\u00a0 Mitspieler werfen.<br \/>\nSo kann ein Spiel also auch 18:9 oder 21:18 enden.<\/p>\n<p>Bei Beginn eines neuen Spiels fragt der Spielf\u00fchrer der Siegermannschaft den der Unterlegenen:\u201c wer schmei\u00dft an\u201c?. Darauf mu\u00df die Antwort \u201eDumm\u201c kommen.<\/p>\n<p>Erst dann kann das Spiel begonnen werden.<\/p>\n","protected":false},"excerpt":{"rendered":"<p>Die Spielregeln Mannschaften: Eine Mannschaft besteht aus mindestens 2 Personen, die H\u00f6chstanzahl sollte m\u00f6glichst nicht \u00fcber 5 Personen liegen, weil sonst ein Spiel zu lange dauern kann. Es spielen 2 Mannschaften gegeneinander. Spielger\u00e4te: Plattl : \u00a0 \u00a0\u00a0\u00a0\u00a0eine Metallplatte, Gewicht zw 500 und 1200 g ( bei uns im Verein sind sie aus Kupfer und sechseckig &hellip; <\/p>\n<p class=\"link-more\"><a href=\"http:\/\/kupferplattl.bayern\/?page_id=25\" class=\"more-link\"><span class=\"screen-reader-text\">\u201eDie Spielregeln\u201c<\/span> weiterlesen<\/a><\/p>\n","protected":false},"author":1,"featured_media":0,"parent":0,"menu_order":0,"comment_status":"open","ping_status":"closed","template":"","meta":{"footnotes":""},"_links":{"self":[{"href":"http:\/\/kupferplattl.bayern\/index.php?rest_route=\/wp\/v2\/pages\/25"}],"collection":[{"href":"http:\/\/kupferplattl.bayern\/index.php?rest_route=\/wp\/v2\/pages"}],"about":[{"href":"http:\/\/kupferplattl.bayern\/index.php?rest_route=\/wp\/v2\/types\/page"}],"author":[{"embeddable":true,"href":"http:\/\/kupferplattl.bayern\/index.php?rest_route=\/wp\/v2\/users\/1"}],"replies":[{"embeddable":true,"href":"http:\/\/kupferplattl.bayern\/index.php?rest_route=%2Fwp%2Fv2%2Fcomments&post=25"}],"version-history":[{"count":1,"href":"http:\/\/kupferplattl.bayern\/index.php?rest_route=\/wp\/v2\/pages\/25\/revisions"}],"predecessor-version":[{"id":26,"href":"http:\/\/kupferplattl.bayern\/index.php?rest_route=\/wp\/v2\/pages\/25\/revisions\/26"}],"wp:attachment":[{"href":"http:\/\/kupferplattl.bayern\/index.php?rest_route=%2Fwp%2Fv2%2Fmedia&parent=25"}],"curies":[{"name":"wp","href":"https:\/\/api.w.org\/{rel}","templated":true}]}}